{"id":104,"date":"2016-09-13T06:50:04","date_gmt":"2016-09-13T06:50:04","guid":{"rendered":"http:\/\/religia.slowacki.edu.pl\/?page_id=104"},"modified":"2016-09-20T09:46:00","modified_gmt":"2016-09-20T09:46:00","slug":"jak-uczyc-sie-milosierdzia-w-kosciele","status":"publish","type":"page","link":"https:\/\/religia.slowacki.edu.pl\/?page_id=104","title":{"rendered":"Jak uczy\u0107 si\u0119 mi\u0142osierdzia w Ko\u015bciele"},"content":{"rendered":"<p><a href=\"http:\/\/religia.slowacki.edu.pl\/wp-content\/uploads\/2016\/09\/jezus-milosierni-e1473749617431.jpg\"><img loading=\"lazy\" class=\"size-medium wp-image-100 alignleft\" src=\"http:\/\/religia.slowacki.edu.pl\/wp-content\/uploads\/2016\/09\/jezus-milosierni-150x300.jpg\" alt=\"jezus-milosierny\" width=\"150\" height=\"300\" \/><\/a><\/p>\n<p style=\"text-align: left;\"><a href=\"http:\/\/religia.slowacki.edu.pl\/wp-content\/uploads\/2016\/09\/Adam-Szreter.docx\">Adam Szreter<\/a><\/p>\n<p style=\"text-align: left;\"><a href=\"http:\/\/religia.slowacki.edu.pl\/wp-content\/uploads\/2016\/09\/Aneta-Rasi\u0144ska.doc\">Aneta Rasinska<\/a><\/p>\n<p style=\"text-align: left;\"><a href=\"http:\/\/religia.slowacki.edu.pl\/wp-content\/uploads\/2016\/09\/Magdalena-Kowol.doc\">Magdalena Kowol<\/a><\/p>\n<p style=\"text-align: left;\"><a href=\"http:\/\/religia.slowacki.edu.pl\/wp-content\/uploads\/2016\/09\/Oliwia-Sowi\u0144ska.doc\">Oliwia Sowinska<\/a><\/p>\n<p style=\"text-align: left;\"><a href=\"http:\/\/religia.slowacki.edu.pl\/wp-content\/uploads\/2016\/09\/Agata-Ba\u0142a.doc\">Agata Bala<\/a><\/p>\n<p style=\"text-align: left;\"><a href=\"http:\/\/religia.slowacki.edu.pl\/wp-content\/uploads\/2016\/09\/Julianna-Krzyszczyk.doc\">Julianna Krzyszczyk<\/a><\/p>\n<p style=\"text-align: left;\"><a href=\"http:\/\/religia.slowacki.edu.pl\/wp-content\/uploads\/2016\/09\/Krzysztof-Kincel.doc\">Krzysztof Kincel<\/a><\/p>\n<p style=\"text-align: left;\"><a href=\"http:\/\/religia.slowacki.edu.pl\/wp-content\/uploads\/2016\/09\/Pawe\u0142-Nojek.doc\">Pawe\u0142 Nojek<\/a><\/p>\n","protected":false},"excerpt":{"rendered":"<p>Adam Szreter Aneta Rasinska Magdalena Kowol Oliwia Sowinska Agata Bala Julianna Krzyszczyk Krzysztof Kincel Pawe\u0142 Nojek<\/p>\n","protected":false},"author":3,"featured_media":0,"parent":96,"menu_order":20,"comment_status":"closed","ping_status":"closed","template":"template-single-column.php","meta":[],"_links":{"self":[{"href":"https:\/\/religia.slowacki.edu.pl\/index.php?rest_route=\/wp\/v2\/pages\/104"}],"collection":[{"href":"https:\/\/religia.slowacki.edu.pl\/index.php?rest_route=\/wp\/v2\/pages"}],"about":[{"href":"https:\/\/religia.slowacki.edu.pl\/index.php?rest_route=\/wp\/v2\/types\/page"}],"author":[{"embeddable":true,"href":"https:\/\/religia.slowacki.edu.pl\/index.php?rest_route=\/wp\/v2\/users\/3"}],"replies":[{"embeddable":true,"href":"https:\/\/religia.slowacki.edu.pl\/index.php?rest_route=%2Fwp%2Fv2%2Fcomments&post=104"}],"version-history":[{"count":14,"href":"https:\/\/religia.slowacki.edu.pl\/index.php?rest_route=\/wp\/v2\/pages\/104\/revisions"}],"predecessor-version":[{"id":110,"href":"https:\/\/religia.slowacki.edu.pl\/index.php?rest_route=\/wp\/v2\/pages\/104\/revisions\/110"}],"up":[{"embeddable":true,"href":"https:\/\/religia.slowacki.edu.pl\/index.php?rest_route=\/wp\/v2\/pages\/96"}],"wp:attachment":[{"href":"https:\/\/religia.slowacki.edu.pl\/index.php?rest_route=%2Fwp%2Fv2%2Fmedia&parent=104"}],"curies":[{"name":"wp","href":"https:\/\/api.w.org\/{rel}","templated":true}]}}