{"id":113,"date":"2016-09-13T07:00:57","date_gmt":"2016-09-13T07:00:57","guid":{"rendered":"http:\/\/religia.slowacki.edu.pl\/?page_id=113"},"modified":"2017-01-02T20:14:34","modified_gmt":"2017-01-02T20:14:34","slug":"sdm-krakow-2016","status":"publish","type":"page","link":"https:\/\/religia.slowacki.edu.pl\/?page_id=113","title":{"rendered":"\u015aDM Krak\u00f3w 2016"},"content":{"rendered":"<p><a href=\"http:\/\/religia.slowacki.edu.pl\/wp-content\/uploads\/2016\/09\/SDM-logo-slowak.jpg\"><img loading=\"lazy\" class=\"wp-image-137 aligncenter\" src=\"http:\/\/religia.slowacki.edu.pl\/wp-content\/uploads\/2016\/09\/SDM-logo-slowak-300x107.jpg\" alt=\"sdm-logo-slowak\" width=\"608\" height=\"217\" srcset=\"https:\/\/religia.slowacki.edu.pl\/wp-content\/uploads\/2016\/09\/SDM-logo-slowak-300x107.jpg 300w, https:\/\/religia.slowacki.edu.pl\/wp-content\/uploads\/2016\/09\/SDM-logo-slowak-768x273.jpg 768w, https:\/\/religia.slowacki.edu.pl\/wp-content\/uploads\/2016\/09\/SDM-logo-slowak.jpg 944w\" sizes=\"(max-width: 608px) 100vw, 608px\" \/><\/a><\/p>\n<p>&nbsp;<\/p>\n<p style=\"text-align: center;\"><strong>Przem\u00f3wienie Papie\u017ca Franciszka<\/strong><\/p>\n<p style=\"text-align: center;\"><strong>na Campus Misericordiae,<\/strong><\/p>\n<p style=\"text-align: center;\"><strong>\u015aDM Krak\u00f3w 30.07.2016r.<br \/>\n<\/strong><\/p>\n<p style=\"text-align: center;\">Czasy w kt\u00f3rych \u017cyjemy nie potrzebuj\u0105 m\u0142odych kanapowych, ale m\u0142odych ludzi w butach, najlepiej w butach wyczynowych. Akceptuj\u0105 na boisku jedynie czo\u0142owych graczy, nie ma na nim miejsca dla rezerwowych. Dzisiejszy \u015bwiat chce od was, by\u015bcie byli aktywnymi bohaterami historii, bo \u017cycie jest pi\u0119kne zawsze wtedy, kiedy chcemy je prze\u017cywa\u0107, zawsze wtedy, gdy chcemy pozostawi\u0107 \u015blad. Historia wymaga dzi\u015b od nas, by\u015bmy bronili naszej godno\u015bci i nie pozwalali, aby inni decydowali o naszej przysz\u0142o\u015bci. My musimy decydowa\u0107 o naszej przysz\u0142o\u015bci. Wy musicie decydowa\u0107 o waszej przysz\u0142o\u015bci. Pan, jak w dniu Pi\u0119\u0107dziesi\u0105tnicy, chce dokona\u0107 jednego z najwi\u0119kszych cud\u00f3w, jakiego mo\u017cemy do\u015bwiadczy\u0107: sprawi\u0107, aby twoje r\u0119ce, moje r\u0119ce, nasze r\u0119ce przekszta\u0142ci\u0142y si\u0119 w znaki pojednania, komunii, tworzenia. Pragnie On twoich r\u0105k, by nadal budowa\u0107 dzisiejszy \u015bwiat. Chce go budowa\u0107 z tob\u0105. A co ty na to?\u00a0 Tak, czy nie? Powiesz mi: Ojcze, ale mam swoje wielkie ograniczenia, jestem grzesznikiem, co mog\u0119 zrobi\u0107? Kiedy Pan nas wzywa, nie my\u015bli o tym, kim jeste\u015bmy, kim byli\u015bmy, co zrobili\u015bmy lub czego nie zrobili\u015bmy. Wr\u0119cz przeciwnie: w chwili, kiedy nas wzywa, patrzy na wszystko, co mogliby\u015bmy zrobi\u0107, na ca\u0142\u0105 mi\u0142o\u015b\u0107, jak\u0105 jeste\u015bmy w stanie rozsiewa\u0107. On zawsze stawia na przysz\u0142o\u015b\u0107, na jutro. Jezus kieruje ci\u0119 ku nowym horyzontom. Nie do muzeum.<\/p>\n<p style=\"text-align: center;\">Dlatego, przyjaciele, Jezus dzi\u015b ciebie zaprasza, wzywa ci\u0119, by\u015b zostawi\u0142 sw\u00f3j \u015blad w \u017cyciu, \u015blad, kt\u00f3ry naznaczy\u0142by histori\u0119, kt\u00f3ry naznaczy\u0142by twoj\u0105 histori\u0119 i histori\u0119 wielu ludzi.<\/p>\n<p style=\"text-align: center;\">Niech B\u00f3g b\u0142ogos\u0142awi wasze marzenia!<\/p>\n<p style=\"text-align: center;\">Dzi\u0119kuj\u0119!<\/p>\n<p style=\"text-align: center;\"><a href=\"http:\/\/religia.slowacki.edu.pl\/wp-content\/uploads\/2015\/02\/papie\u017c.jpg\"><img loading=\"lazy\" class=\"aligncenter size-medium wp-image-531\" src=\"http:\/\/religia.slowacki.edu.pl\/wp-content\/uploads\/2015\/02\/papie\u017c-300x200.jpg\" alt=\"papiez\" width=\"300\" height=\"200\" srcset=\"https:\/\/religia.slowacki.edu.pl\/wp-content\/uploads\/2015\/02\/papie\u017c-300x200.jpg 300w, https:\/\/religia.slowacki.edu.pl\/wp-content\/uploads\/2015\/02\/papie\u017c.jpg 320w\" sizes=\"(max-width: 300px) 100vw, 300px\" \/><\/a><\/p>\n<p>&nbsp;<\/p>\n<p>&nbsp;<\/p>\n<p>&nbsp;<\/p>\n<p>&nbsp;<\/p>\n<p>&nbsp;<\/p>\n<p><a href=\"http:\/\/religia.slowacki.edu.pl\/wp-content\/uploads\/2016\/09\/\u015aDM-S\u0142owak-005.jpg\"><img loading=\"lazy\" class=\"aligncenter size-medium wp-image-510\" src=\"http:\/\/religia.slowacki.edu.pl\/wp-content\/uploads\/2016\/09\/\u015aDM-S\u0142owak-005-300x169.jpg\" alt=\"sdm-slowak-005\" width=\"300\" height=\"169\" srcset=\"https:\/\/religia.slowacki.edu.pl\/wp-content\/uploads\/2016\/09\/\u015aDM-S\u0142owak-005-300x169.jpg 300w, https:\/\/religia.slowacki.edu.pl\/wp-content\/uploads\/2016\/09\/\u015aDM-S\u0142owak-005-768x432.jpg 768w, https:\/\/religia.slowacki.edu.pl\/wp-content\/uploads\/2016\/09\/\u015aDM-S\u0142owak-005-1024x576.jpg 1024w\" sizes=\"(max-width: 300px) 100vw, 300px\" \/><\/a> <a href=\"http:\/\/religia.slowacki.edu.pl\/wp-content\/uploads\/2016\/09\/\u015aDM-S\u0142owak-001.jpg\"><img loading=\"lazy\" class=\"aligncenter size-medium wp-image-511\" src=\"http:\/\/religia.slowacki.edu.pl\/wp-content\/uploads\/2016\/09\/\u015aDM-S\u0142owak-001-300x169.jpg\" alt=\"sdm-slowak-001\" width=\"300\" height=\"169\" srcset=\"https:\/\/religia.slowacki.edu.pl\/wp-content\/uploads\/2016\/09\/\u015aDM-S\u0142owak-001-300x169.jpg 300w, https:\/\/religia.slowacki.edu.pl\/wp-content\/uploads\/2016\/09\/\u015aDM-S\u0142owak-001-768x432.jpg 768w, https:\/\/religia.slowacki.edu.pl\/wp-content\/uploads\/2016\/09\/\u015aDM-S\u0142owak-001-1024x576.jpg 1024w\" sizes=\"(max-width: 300px) 100vw, 300px\" \/><\/a> <a href=\"http:\/\/religia.slowacki.edu.pl\/wp-content\/uploads\/2016\/09\/\u015aDM-S\u0142owak-002.jpg\"><img loading=\"lazy\" class=\"aligncenter size-medium wp-image-512\" src=\"http:\/\/religia.slowacki.edu.pl\/wp-content\/uploads\/2016\/09\/\u015aDM-S\u0142owak-002-300x169.jpg\" alt=\"sdm-slowak-002\" width=\"300\" height=\"169\" srcset=\"https:\/\/religia.slowacki.edu.pl\/wp-content\/uploads\/2016\/09\/\u015aDM-S\u0142owak-002-300x169.jpg 300w, https:\/\/religia.slowacki.edu.pl\/wp-content\/uploads\/2016\/09\/\u015aDM-S\u0142owak-002-768x432.jpg 768w, https:\/\/religia.slowacki.edu.pl\/wp-content\/uploads\/2016\/09\/\u015aDM-S\u0142owak-002-1024x576.jpg 1024w\" sizes=\"(max-width: 300px) 100vw, 300px\" \/><\/a> <a href=\"http:\/\/religia.slowacki.edu.pl\/wp-content\/uploads\/2016\/09\/\u015aDM-S\u0142owak-003.jpg\"><img loading=\"lazy\" class=\"aligncenter size-medium wp-image-513\" src=\"http:\/\/religia.slowacki.edu.pl\/wp-content\/uploads\/2016\/09\/\u015aDM-S\u0142owak-003-300x169.jpg\" alt=\"sdm-slowak-003\" width=\"300\" height=\"169\" srcset=\"https:\/\/religia.slowacki.edu.pl\/wp-content\/uploads\/2016\/09\/\u015aDM-S\u0142owak-003-300x169.jpg 300w, https:\/\/religia.slowacki.edu.pl\/wp-content\/uploads\/2016\/09\/\u015aDM-S\u0142owak-003-768x432.jpg 768w, https:\/\/religia.slowacki.edu.pl\/wp-content\/uploads\/2016\/09\/\u015aDM-S\u0142owak-003-1024x576.jpg 1024w\" sizes=\"(max-width: 300px) 100vw, 300px\" \/><\/a> <a href=\"http:\/\/religia.slowacki.edu.pl\/wp-content\/uploads\/2016\/09\/\u015aDM-S\u0142owak-004.jpg\"><img loading=\"lazy\" class=\"aligncenter size-medium wp-image-514\" src=\"http:\/\/religia.slowacki.edu.pl\/wp-content\/uploads\/2016\/09\/\u015aDM-S\u0142owak-004-169x300.jpg\" alt=\"sdm-slowak-004\" width=\"169\" height=\"300\" srcset=\"https:\/\/religia.slowacki.edu.pl\/wp-content\/uploads\/2016\/09\/\u015aDM-S\u0142owak-004-169x300.jpg 169w, https:\/\/religia.slowacki.edu.pl\/wp-content\/uploads\/2016\/09\/\u015aDM-S\u0142owak-004-768x1365.jpg 768w, https:\/\/religia.slowacki.edu.pl\/wp-content\/uploads\/2016\/09\/\u015aDM-S\u0142owak-004-576x1024.jpg 576w\" sizes=\"(max-width: 169px) 100vw, 169px\" \/><\/a><\/p>\n<p>&nbsp;<\/p>\n<p><a href=\"http:\/\/religia.slowacki.edu.pl\/wp-content\/uploads\/2016\/09\/13867074_856528507812984_1247194505_n.jpg\"><img loading=\"lazy\" class=\"aligncenter size-full wp-image-578\" src=\"http:\/\/religia.slowacki.edu.pl\/wp-content\/uploads\/2016\/09\/13867074_856528507812984_1247194505_n.jpg\" alt=\"13867074_856528507812984_1247194505_n\" width=\"734\" height=\"413\" srcset=\"https:\/\/religia.slowacki.edu.pl\/wp-content\/uploads\/2016\/09\/13867074_856528507812984_1247194505_n.jpg 734w, https:\/\/religia.slowacki.edu.pl\/wp-content\/uploads\/2016\/09\/13867074_856528507812984_1247194505_n-300x169.jpg 300w\" sizes=\"(max-width: 734px) 100vw, 734px\" \/><\/a><\/p>\n","protected":false},"excerpt":{"rendered":"<p>&nbsp; Przem\u00f3wienie Papie\u017ca Franciszka na Campus Misericordiae, \u015aDM Krak\u00f3w 30.07.2016r. Czasy w kt\u00f3rych \u017cyjemy nie potrzebuj\u0105 m\u0142odych kanapowych, ale m\u0142odych ludzi w butach, najlepiej w butach wyczynowych. Akceptuj\u0105 na boisku jedynie czo\u0142owych graczy, nie ma na nim miejsca dla rezerwowych. Dzisiejszy \u015bwiat chce od was, by\u015bcie byli aktywnymi bohaterami historii, bo \u017cycie jest pi\u0119kne zawsze [&hellip;]<\/p>\n","protected":false},"author":3,"featured_media":134,"parent":0,"menu_order":2,"comment_status":"closed","ping_status":"closed","template":"template-single-column.php","meta":[],"_links":{"self":[{"href":"https:\/\/religia.slowacki.edu.pl\/index.php?rest_route=\/wp\/v2\/pages\/113"}],"collection":[{"href":"https:\/\/religia.slowacki.edu.pl\/index.php?rest_route=\/wp\/v2\/pages"}],"about":[{"href":"https:\/\/religia.slowacki.edu.pl\/index.php?rest_route=\/wp\/v2\/types\/page"}],"author":[{"embeddable":true,"href":"https:\/\/religia.slowacki.edu.pl\/index.php?rest_route=\/wp\/v2\/users\/3"}],"replies":[{"embeddable":true,"href":"https:\/\/religia.slowacki.edu.pl\/index.php?rest_route=%2Fwp%2Fv2%2Fcomments&post=113"}],"version-history":[{"count":11,"href":"https:\/\/religia.slowacki.edu.pl\/index.php?rest_route=\/wp\/v2\/pages\/113\/revisions"}],"predecessor-version":[{"id":600,"href":"https:\/\/religia.slowacki.edu.pl\/index.php?rest_route=\/wp\/v2\/pages\/113\/revisions\/600"}],"wp:featuredmedia":[{"embeddable":true,"href":"https:\/\/religia.slowacki.edu.pl\/index.php?rest_route=\/wp\/v2\/media\/134"}],"wp:attachment":[{"href":"https:\/\/religia.slowacki.edu.pl\/index.php?rest_route=%2Fwp%2Fv2%2Fmedia&parent=113"}],"curies":[{"name":"wp","href":"https:\/\/api.w.org\/{rel}","templated":true}]}}