{"id":127,"date":"2016-09-15T11:35:14","date_gmt":"2016-09-15T11:35:14","guid":{"rendered":"http:\/\/religia.slowacki.edu.pl\/?page_id=127"},"modified":"2016-10-12T07:14:04","modified_gmt":"2016-10-12T07:14:04","slug":"galeria-zdjec","status":"publish","type":"page","link":"https:\/\/religia.slowacki.edu.pl\/?page_id=127","title":{"rendered":"Galerie"},"content":{"rendered":"<p><a href=\"http:\/\/religia.slowacki.edu.pl\/wp-content\/uploads\/2016\/09\/tytul_galeria.gif\"><img loading=\"lazy\" class=\"wp-image-128 alignleft\" src=\"http:\/\/religia.slowacki.edu.pl\/wp-content\/uploads\/2016\/09\/tytul_galeria-300x100.gif\" alt=\"tytul_galeria\" width=\"381\" height=\"127\" \/><\/a><\/p>\n<h6><\/h6>\n<p>Podzi\u0119kowania dla uczni\u00f3w i absolwent\u00f3w S\u0142owaka za udost\u0119pnienie zdj\u0119\u0107.<\/p>\n<p>Szczeg\u00f3lne podzi\u0119kowania dla Stanis\u0142awa Dacego<br \/>\ni\u00a0 Wojciecha Sontaga.<\/p>\n","protected":false},"excerpt":{"rendered":"<p>Podzi\u0119kowania dla uczni\u00f3w i absolwent\u00f3w S\u0142owaka za udost\u0119pnienie zdj\u0119\u0107. Szczeg\u00f3lne podzi\u0119kowania dla Stanis\u0142awa Dacego i\u00a0 Wojciecha Sontaga.<\/p>\n","protected":false},"author":3,"featured_media":0,"parent":0,"menu_order":50,"comment_status":"closed","ping_status":"closed","template":"template-single-column.php","meta":[],"_links":{"self":[{"href":"https:\/\/religia.slowacki.edu.pl\/index.php?rest_route=\/wp\/v2\/pages\/127"}],"collection":[{"href":"https:\/\/religia.slowacki.edu.pl\/index.php?rest_route=\/wp\/v2\/pages"}],"about":[{"href":"https:\/\/religia.slowacki.edu.pl\/index.php?rest_route=\/wp\/v2\/types\/page"}],"author":[{"embeddable":true,"href":"https:\/\/religia.slowacki.edu.pl\/index.php?rest_route=\/wp\/v2\/users\/3"}],"replies":[{"embeddable":true,"href":"https:\/\/religia.slowacki.edu.pl\/index.php?rest_route=%2Fwp%2Fv2%2Fcomments&post=127"}],"version-history":[{"count":10,"href":"https:\/\/religia.slowacki.edu.pl\/index.php?rest_route=\/wp\/v2\/pages\/127\/revisions"}],"predecessor-version":[{"id":516,"href":"https:\/\/religia.slowacki.edu.pl\/index.php?rest_route=\/wp\/v2\/pages\/127\/revisions\/516"}],"wp:attachment":[{"href":"https:\/\/religia.slowacki.edu.pl\/index.php?rest_route=%2Fwp%2Fv2%2Fmedia&parent=127"}],"curies":[{"name":"wp","href":"https:\/\/api.w.org\/{rel}","templated":true}]}}