{"id":19,"date":"2015-11-12T12:41:22","date_gmt":"2015-11-12T12:41:22","guid":{"rendered":"http:\/\/religia.slowacki.edu.pl\/?page_id=19"},"modified":"2016-10-12T09:02:09","modified_gmt":"2016-10-12T09:02:09","slug":"polecamy","status":"publish","type":"page","link":"https:\/\/religia.slowacki.edu.pl\/?page_id=19","title":{"rendered":"Polecamy"},"content":{"rendered":"<p>&nbsp;<\/p>\n<blockquote>\n<article>\n<ul>\n<li><a href=\"http:\/\/7pierwszych.pl\/\" target=\"_blank\">7 pierwszych &#8211; <\/a><a href=\"http:\/\/7pierwszych.pl\/\" target=\"_blank\">o sakramentach \u015bwi\u0119tych\u00a0\u00a0\u00a0 <\/a><a href=\"http:\/\/7pierwszych.pl\/\" target=\"_blank\"><img loading=\"lazy\" class=\"wp-image-474 aligncenter\" src=\"http:\/\/religia.slowacki.edu.pl\/wp-content\/uploads\/2015\/11\/71.jpg\" alt=\"71\" width=\"292\" height=\"190\" \/><\/a><\/li>\n<\/ul>\n<\/article>\n<\/blockquote>\n<blockquote>\n<article>\n<ul>\n<li><a href=\"http:\/\/mlodzidlamlodych.pl\/\" target=\"_blank\">M\u0142odzi dla m\u0142odych &#8211; <\/a><a href=\"http:\/\/mlodzidlamlodych.pl\/\" target=\"_blank\">portal m\u0142odzie\u017cy\u00a0 <\/a><\/li>\n<\/ul>\n<\/article>\n<p><a href=\"http:\/\/mlodzidlamlodych.pl\/\" target=\"_blank\"><img loading=\"lazy\" class=\"size-full wp-image-477 aligncenter\" src=\"http:\/\/religia.slowacki.edu.pl\/wp-content\/uploads\/2015\/11\/mdm.png\" alt=\"mdm\" width=\"257\" height=\"196\" \/><\/a><\/p>\n<ul>\n<li><a href=\"http:\/\/www.langustanapalmie.pl\/\" target=\"_blank\">Langusta na palmie &#8211;\u00a0o.\u00a0Adam Szustak OP \u00a0\u00a0\u00a0 <\/a><\/li>\n<\/ul>\n<\/blockquote>\n<p>&nbsp;<\/p>\n<p><a href=\"http:\/\/www.langustanapalmie.pl\/\" target=\"_blank\"><img loading=\"lazy\" class=\"aligncenter size-medium wp-image-518\" src=\"http:\/\/religia.slowacki.edu.pl\/wp-content\/uploads\/2015\/11\/langusta-300x225.jpg\" alt=\"langusta\" width=\"300\" height=\"225\" srcset=\"https:\/\/religia.slowacki.edu.pl\/wp-content\/uploads\/2015\/11\/langusta-300x225.jpg 300w, https:\/\/religia.slowacki.edu.pl\/wp-content\/uploads\/2015\/11\/langusta.jpg 600w\" sizes=\"(max-width: 300px) 100vw, 300px\" \/><\/a><\/p>\n<blockquote>\n<article>\n<ul>\n<li><a href=\"http:\/\/www.deon.pl\/\" target=\"_blank\">deon.pl\u00a0\u00a0\u00a0\u00a0\u00a0\u00a0\u00a0\u00a0\u00a0 <\/a><a href=\"http:\/\/www.deon.pl\/\" target=\"_blank\"><img loading=\"lazy\" class=\"aligncenter size-medium wp-image-502\" src=\"http:\/\/religia.slowacki.edu.pl\/wp-content\/uploads\/2015\/11\/deon-300x74.png\" alt=\"deon\" width=\"300\" height=\"74\" srcset=\"https:\/\/religia.slowacki.edu.pl\/wp-content\/uploads\/2015\/11\/deon-300x74.png 300w, https:\/\/religia.slowacki.edu.pl\/wp-content\/uploads\/2015\/11\/deon.png 333w\" sizes=\"(max-width: 300px) 100vw, 300px\" \/><\/a><\/li>\n<\/ul>\n<\/article>\n<article>\n<ul>\n<li><a href=\"http:\/\/www.opoka.org.pl\" target=\"_blank\">opoka.pl\u00a0\u00a0\u00a0\u00a0\u00a0 <\/a><a href=\"http:\/\/www.opoka.org.pl\" target=\"_blank\"><img loading=\"lazy\" class=\"size-medium wp-image-467 aligncenter\" src=\"http:\/\/religia.slowacki.edu.pl\/wp-content\/uploads\/2015\/11\/opoka-300x150.png\" alt=\"opoka\" width=\"300\" height=\"150\" srcset=\"https:\/\/religia.slowacki.edu.pl\/wp-content\/uploads\/2015\/11\/opoka-300x150.png 300w, https:\/\/religia.slowacki.edu.pl\/wp-content\/uploads\/2015\/11\/opoka.png 318w\" sizes=\"(max-width: 300px) 100vw, 300px\" \/><\/a><\/li>\n<\/ul>\n<\/article>\n<article>\n<ul>\n<li><a href=\"http:\/\/stacja7.pl\/\" target=\"_blank\">Stacja7\u00a0\u00a0\u00a0\u00a0 <\/a><a href=\"http:\/\/religia.slowacki.edu.pl\/wp-content\/uploads\/2015\/11\/stacja7.jpg\"><img loading=\"lazy\" class=\"aligncenter size-medium wp-image-487\" src=\"http:\/\/religia.slowacki.edu.pl\/wp-content\/uploads\/2015\/11\/stacja7-300x140.jpg\" alt=\"stacja7\" width=\"300\" height=\"140\" srcset=\"https:\/\/religia.slowacki.edu.pl\/wp-content\/uploads\/2015\/11\/stacja7-300x140.jpg 300w, https:\/\/religia.slowacki.edu.pl\/wp-content\/uploads\/2015\/11\/stacja7.jpg 329w\" sizes=\"(max-width: 300px) 100vw, 300px\" \/><\/a><\/li>\n<\/ul>\n<\/article>\n<\/blockquote>\n<blockquote>\n<article>\n<article>\n<ul>\n<li><a href=\"http:\/\/jadwiga.info\" target=\"_blank\">Parafia \u015bw. Jadwigi w Chorzowie\u00a0\u00a0\u00a0\u00a0 <\/a><a href=\"http:\/\/jadwiga.info\" target=\"_blank\"><img loading=\"lazy\" class=\"wp-image-470 aligncenter\" src=\"http:\/\/religia.slowacki.edu.pl\/wp-content\/uploads\/2015\/11\/jadwiga-300x36.jpg\" alt=\"jadwiga\" width=\"583\" height=\"70\" srcset=\"https:\/\/religia.slowacki.edu.pl\/wp-content\/uploads\/2015\/11\/jadwiga-300x36.jpg 300w, https:\/\/religia.slowacki.edu.pl\/wp-content\/uploads\/2015\/11\/jadwiga.jpg 600w\" sizes=\"(max-width: 583px) 100vw, 583px\" \/><\/a><\/li>\n<\/ul>\n<p>&nbsp;<\/p>\n<\/article>\n<\/article>\n<article>\n<ul>\n<li><a href=\"http:\/\/cfd.salwatorianie.pl\" target=\"_blank\">Centrum formacji duchowej\u00a0\u00a0\u00a0 <\/a><\/li>\n<\/ul>\n<p><a href=\"http:\/\/cfd.salwatorianie.pl\" target=\"_blank\"><img loading=\"lazy\" class=\"wp-image-488 alignright\" src=\"http:\/\/religia.slowacki.edu.pl\/wp-content\/uploads\/2015\/11\/cfd-300x57.jpg\" alt=\"cfd\" width=\"621\" height=\"118\" srcset=\"https:\/\/religia.slowacki.edu.pl\/wp-content\/uploads\/2015\/11\/cfd-300x57.jpg 300w, https:\/\/religia.slowacki.edu.pl\/wp-content\/uploads\/2015\/11\/cfd-768x147.jpg 768w, https:\/\/religia.slowacki.edu.pl\/wp-content\/uploads\/2015\/11\/cfd.jpg 785w\" sizes=\"(max-width: 621px) 100vw, 621px\" \/><\/a><\/p>\n<\/article>\n<\/blockquote>\n<p>&nbsp;<\/p>\n<p>&nbsp;<\/p>\n<p>&nbsp;<\/p>\n<p>&nbsp;<\/p>\n<p>&nbsp;<\/p>\n<p>&nbsp;<\/p>\n<blockquote>\n<article>\n<ul>\n<li><a href=\"http:\/\/narzeczeni.katowice.pl\" target=\"_blank\">Forma przygotowania do ma\u0142\u017ce\u0144stwa\u00a0\u00a0\u00a0 <\/a><a href=\"http:\/\/narzeczeni.katowice.pl\" target=\"_blank\"><img loading=\"lazy\" class=\"size-full wp-image-492 aligncenter\" src=\"http:\/\/religia.slowacki.edu.pl\/wp-content\/uploads\/2015\/11\/narzeczeni.gif\" alt=\"narzeczeni\" width=\"201\" height=\"235\" \/><\/a><\/li>\n<\/ul>\n<ul>\n<li><a href=\"http:\/\/przednamimalzenstwo.pl\" target=\"_blank\">Kursy dla narzeczonych\u00a0\u00a0\u00a0\u00a0\u00a0\u00a0 <\/a><a href=\"http:\/\/przednamimalzenstwo.pl\" target=\"_blank\"><img loading=\"lazy\" class=\"size-medium wp-image-495 aligncenter\" src=\"http:\/\/religia.slowacki.edu.pl\/wp-content\/uploads\/2015\/11\/pnm-300x240.png\" alt=\"pnm\" width=\"300\" height=\"240\" srcset=\"https:\/\/religia.slowacki.edu.pl\/wp-content\/uploads\/2015\/11\/pnm-300x240.png 300w, https:\/\/religia.slowacki.edu.pl\/wp-content\/uploads\/2015\/11\/pnm-768x616.png 768w, https:\/\/religia.slowacki.edu.pl\/wp-content\/uploads\/2015\/11\/pnm-1024x821.png 1024w\" sizes=\"(max-width: 300px) 100vw, 300px\" \/><\/a><a href=\"http:\/\/przednamimalzenstwo.pl\" target=\"_blank\">\u00a0\u00a0\u00a0 <\/a><\/li>\n<\/ul>\n<p>&nbsp;<\/p>\n<hr \/>\n<h2><\/h2>\n<\/article>\n<\/blockquote>\n","protected":false},"excerpt":{"rendered":"<p>&nbsp; 7 pierwszych &#8211; o sakramentach \u015bwi\u0119tych\u00a0\u00a0\u00a0 M\u0142odzi dla m\u0142odych &#8211; portal m\u0142odzie\u017cy\u00a0 Langusta na palmie &#8211;\u00a0o.\u00a0Adam Szustak OP \u00a0\u00a0\u00a0 &nbsp; deon.pl\u00a0\u00a0\u00a0\u00a0\u00a0\u00a0\u00a0\u00a0\u00a0 opoka.pl\u00a0\u00a0\u00a0\u00a0\u00a0 Stacja7\u00a0\u00a0\u00a0\u00a0 Parafia \u015bw. Jadwigi w Chorzowie\u00a0\u00a0\u00a0\u00a0 &nbsp; Centrum formacji duchowej\u00a0\u00a0\u00a0 &nbsp; &nbsp; &nbsp; &nbsp; &nbsp; &nbsp; Forma przygotowania do ma\u0142\u017ce\u0144stwa\u00a0\u00a0\u00a0 Kursy dla narzeczonych\u00a0\u00a0\u00a0\u00a0\u00a0\u00a0 \u00a0\u00a0\u00a0 &nbsp;<\/p>\n","protected":false},"author":1,"featured_media":0,"parent":0,"menu_order":0,"comment_status":"closed","ping_status":"closed","template":"template-single-column.php","meta":[],"_links":{"self":[{"href":"https:\/\/religia.slowacki.edu.pl\/index.php?rest_route=\/wp\/v2\/pages\/19"}],"collection":[{"href":"https:\/\/religia.slowacki.edu.pl\/index.php?rest_route=\/wp\/v2\/pages"}],"about":[{"href":"https:\/\/religia.slowacki.edu.pl\/index.php?rest_route=\/wp\/v2\/types\/page"}],"author":[{"embeddable":true,"href":"https:\/\/religia.slowacki.edu.pl\/index.php?rest_route=\/wp\/v2\/users\/1"}],"replies":[{"embeddable":true,"href":"https:\/\/religia.slowacki.edu.pl\/index.php?rest_route=%2Fwp%2Fv2%2Fcomments&post=19"}],"version-history":[{"count":45,"href":"https:\/\/religia.slowacki.edu.pl\/index.php?rest_route=\/wp\/v2\/pages\/19\/revisions"}],"predecessor-version":[{"id":521,"href":"https:\/\/religia.slowacki.edu.pl\/index.php?rest_route=\/wp\/v2\/pages\/19\/revisions\/521"}],"wp:attachment":[{"href":"https:\/\/religia.slowacki.edu.pl\/index.php?rest_route=%2Fwp%2Fv2%2Fmedia&parent=19"}],"curies":[{"name":"wp","href":"https:\/\/api.w.org\/{rel}","templated":true}]}}