{"id":194,"date":"2016-09-20T06:53:06","date_gmt":"2016-09-20T06:53:06","guid":{"rendered":"http:\/\/religia.slowacki.edu.pl\/?page_id=194"},"modified":"2016-09-20T07:04:51","modified_gmt":"2016-09-20T07:04:51","slug":"na-czym-polega-prawdziwe-nawrocenie","status":"publish","type":"page","link":"https:\/\/religia.slowacki.edu.pl\/?page_id=194","title":{"rendered":"Na czym polega prawdziwe nawr\u00f3cenie?"},"content":{"rendered":"<p style=\"text-align: left;\"><a href=\"http:\/\/religia.slowacki.edu.pl\/wp-content\/uploads\/2016\/09\/nawrocenie-624x694.jpg\"><img loading=\"lazy\" class=\"alignleft wp-image-209\" src=\"http:\/\/religia.slowacki.edu.pl\/wp-content\/uploads\/2016\/09\/nawrocenie-624x694-285x300.jpg\" alt=\"nawrocenie-624x694\" width=\"350\" height=\"368\" srcset=\"https:\/\/religia.slowacki.edu.pl\/wp-content\/uploads\/2016\/09\/nawrocenie-624x694-285x300.jpg 285w, https:\/\/religia.slowacki.edu.pl\/wp-content\/uploads\/2016\/09\/nawrocenie-624x694.jpg 624w\" sizes=\"(max-width: 350px) 100vw, 350px\" \/><\/a><a href=\"http:\/\/religia.slowacki.edu.pl\/wp-content\/uploads\/2016\/09\/Adam-Szreter-1.docx\">Adam Szreter<\/a><\/p>\n<p><a href=\"http:\/\/religia.slowacki.edu.pl\/wp-content\/uploads\/2016\/09\/Agnieszka-Chaber.docx\">Agnieszka Chaber<\/a><\/p>\n<p><a href=\"http:\/\/religia.slowacki.edu.pl\/wp-content\/uploads\/2016\/09\/Alicja-Mazur.docx\">Alicja Mazur<\/a><\/p>\n<p><a href=\"http:\/\/religia.slowacki.edu.pl\/wp-content\/uploads\/2016\/09\/Anna-Szreter.docx\">Anna Szreter<\/a><\/p>\n<p><a href=\"http:\/\/religia.slowacki.edu.pl\/wp-content\/uploads\/2016\/09\/Gustaw-B\u0142aszczy\u0144ski.docx\">Gustaw B\u0142aszczynski<\/a><\/p>\n<p><a href=\"http:\/\/religia.slowacki.edu.pl\/wp-content\/uploads\/2016\/09\/Kamila-Gawlik.docx\">Kamila Gawlik<\/a><\/p>\n<p><a href=\"http:\/\/religia.slowacki.edu.pl\/wp-content\/uploads\/2016\/09\/Katarzyna-Grzywok.docx\">Katarzyna Grzywok<\/a><\/p>\n<p><a href=\"http:\/\/religia.slowacki.edu.pl\/wp-content\/uploads\/2016\/09\/Maria-Wa\u0142ach.docx\">Maria Wa\u0142ach<\/a><\/p>\n<p><a href=\"http:\/\/religia.slowacki.edu.pl\/wp-content\/uploads\/2016\/09\/Martyna-Kio\u0142basa.docx\">Martyna Kio\u0142basa<\/a><\/p>\n<p><a href=\"http:\/\/religia.slowacki.edu.pl\/wp-content\/uploads\/2016\/09\/Patrycja-Wysocka.docx\">Patrycja Wysocka<\/a><\/p>\n<p><a href=\"http:\/\/religia.slowacki.edu.pl\/wp-content\/uploads\/2016\/09\/Wojciech-Koj.docx\">Wojciech Koj<\/a><\/p>\n","protected":false},"excerpt":{"rendered":"<p>Adam Szreter Agnieszka Chaber Alicja Mazur Anna Szreter Gustaw B\u0142aszczynski Kamila Gawlik Katarzyna Grzywok Maria Wa\u0142ach Martyna Kio\u0142basa Patrycja Wysocka Wojciech Koj<\/p>\n","protected":false},"author":3,"featured_media":0,"parent":96,"menu_order":40,"comment_status":"closed","ping_status":"closed","template":"","meta":[],"_links":{"self":[{"href":"https:\/\/religia.slowacki.edu.pl\/index.php?rest_route=\/wp\/v2\/pages\/194"}],"collection":[{"href":"https:\/\/religia.slowacki.edu.pl\/index.php?rest_route=\/wp\/v2\/pages"}],"about":[{"href":"https:\/\/religia.slowacki.edu.pl\/index.php?rest_route=\/wp\/v2\/types\/page"}],"author":[{"embeddable":true,"href":"https:\/\/religia.slowacki.edu.pl\/index.php?rest_route=\/wp\/v2\/users\/3"}],"replies":[{"embeddable":true,"href":"https:\/\/religia.slowacki.edu.pl\/index.php?rest_route=%2Fwp%2Fv2%2Fcomments&post=194"}],"version-history":[{"count":5,"href":"https:\/\/religia.slowacki.edu.pl\/index.php?rest_route=\/wp\/v2\/pages\/194\/revisions"}],"predecessor-version":[{"id":212,"href":"https:\/\/religia.slowacki.edu.pl\/index.php?rest_route=\/wp\/v2\/pages\/194\/revisions\/212"}],"up":[{"embeddable":true,"href":"https:\/\/religia.slowacki.edu.pl\/index.php?rest_route=\/wp\/v2\/pages\/96"}],"wp:attachment":[{"href":"https:\/\/religia.slowacki.edu.pl\/index.php?rest_route=%2Fwp%2Fv2%2Fmedia&parent=194"}],"curies":[{"name":"wp","href":"https:\/\/api.w.org\/{rel}","templated":true}]}}