{"id":266,"date":"2016-09-20T11:09:38","date_gmt":"2016-09-20T11:09:38","guid":{"rendered":"http:\/\/religia.slowacki.edu.pl\/?page_id=266"},"modified":"2016-09-22T11:50:53","modified_gmt":"2016-09-22T11:50:53","slug":"tatry-absolwenci-rysy-2014","status":"publish","type":"page","link":"https:\/\/religia.slowacki.edu.pl\/?page_id=266","title":{"rendered":"&#8222;By\u0107 bli\u017cej Ciebie chc\u0119&#8221; &#8211; Absolwenci na Rysach"},"content":{"rendered":"<blockquote>\n<p style=\"text-align: center;\">Drugi (&#8222;zimowy&#8221;) wypad na Rysy<\/p>\n<p style=\"text-align: center;\">14 pa\u017adziernika 2015<\/p>\n<p><a href=\"http:\/\/religia.slowacki.edu.pl\/wp-content\/uploads\/2016\/09\/DSC_2254.jpg\"><img loading=\"lazy\" class=\"aligncenter size-medium wp-image-382\" src=\"http:\/\/religia.slowacki.edu.pl\/wp-content\/uploads\/2016\/09\/DSC_2254-300x225.jpg\" alt=\"dsc_2254\" width=\"300\" height=\"225\" srcset=\"https:\/\/religia.slowacki.edu.pl\/wp-content\/uploads\/2016\/09\/DSC_2254-300x225.jpg 300w, https:\/\/religia.slowacki.edu.pl\/wp-content\/uploads\/2016\/09\/DSC_2254-768x576.jpg 768w, https:\/\/religia.slowacki.edu.pl\/wp-content\/uploads\/2016\/09\/DSC_2254-1024x768.jpg 1024w\" sizes=\"(max-width: 300px) 100vw, 300px\" \/><\/a> <a href=\"http:\/\/religia.slowacki.edu.pl\/wp-content\/uploads\/2016\/09\/DSC_2255.jpg\"><img loading=\"lazy\" class=\"aligncenter size-medium wp-image-383\" src=\"http:\/\/religia.slowacki.edu.pl\/wp-content\/uploads\/2016\/09\/DSC_2255-300x225.jpg\" alt=\"dsc_2255\" width=\"300\" height=\"225\" srcset=\"https:\/\/religia.slowacki.edu.pl\/wp-content\/uploads\/2016\/09\/DSC_2255-300x225.jpg 300w, https:\/\/religia.slowacki.edu.pl\/wp-content\/uploads\/2016\/09\/DSC_2255-768x576.jpg 768w, https:\/\/religia.slowacki.edu.pl\/wp-content\/uploads\/2016\/09\/DSC_2255-1024x768.jpg 1024w\" sizes=\"(max-width: 300px) 100vw, 300px\" \/><\/a> <a href=\"http:\/\/religia.slowacki.edu.pl\/wp-content\/uploads\/2016\/09\/DSC_2256.jpg\"><img loading=\"lazy\" class=\"aligncenter size-medium wp-image-384\" src=\"http:\/\/religia.slowacki.edu.pl\/wp-content\/uploads\/2016\/09\/DSC_2256-300x225.jpg\" alt=\"dsc_2256\" width=\"300\" height=\"225\" srcset=\"https:\/\/religia.slowacki.edu.pl\/wp-content\/uploads\/2016\/09\/DSC_2256-300x225.jpg 300w, https:\/\/religia.slowacki.edu.pl\/wp-content\/uploads\/2016\/09\/DSC_2256-768x576.jpg 768w, https:\/\/religia.slowacki.edu.pl\/wp-content\/uploads\/2016\/09\/DSC_2256-1024x768.jpg 1024w\" sizes=\"(max-width: 300px) 100vw, 300px\" \/><\/a> <a href=\"http:\/\/religia.slowacki.edu.pl\/wp-content\/uploads\/2016\/09\/DSC_2257.jpg\"><img loading=\"lazy\" class=\"aligncenter size-medium wp-image-385\" src=\"http:\/\/religia.slowacki.edu.pl\/wp-content\/uploads\/2016\/09\/DSC_2257-300x225.jpg\" alt=\"dsc_2257\" width=\"300\" height=\"225\" srcset=\"https:\/\/religia.slowacki.edu.pl\/wp-content\/uploads\/2016\/09\/DSC_2257-300x225.jpg 300w, https:\/\/religia.slowacki.edu.pl\/wp-content\/uploads\/2016\/09\/DSC_2257-768x576.jpg 768w, https:\/\/religia.slowacki.edu.pl\/wp-content\/uploads\/2016\/09\/DSC_2257-1024x768.jpg 1024w\" sizes=\"(max-width: 300px) 100vw, 300px\" \/><\/a> <a href=\"http:\/\/religia.slowacki.edu.pl\/wp-content\/uploads\/2016\/09\/DSC_2259.jpg\"><img loading=\"lazy\" class=\"aligncenter size-medium wp-image-386\" src=\"http:\/\/religia.slowacki.edu.pl\/wp-content\/uploads\/2016\/09\/DSC_2259-300x66.jpg\" alt=\"dsc_2259\" width=\"300\" height=\"66\" srcset=\"https:\/\/religia.slowacki.edu.pl\/wp-content\/uploads\/2016\/09\/DSC_2259-300x66.jpg 300w, https:\/\/religia.slowacki.edu.pl\/wp-content\/uploads\/2016\/09\/DSC_2259-768x169.jpg 768w, https:\/\/religia.slowacki.edu.pl\/wp-content\/uploads\/2016\/09\/DSC_2259-1024x225.jpg 1024w\" sizes=\"(max-width: 300px) 100vw, 300px\" \/><\/a> <a href=\"http:\/\/religia.slowacki.edu.pl\/wp-content\/uploads\/2016\/09\/DSC_2261.jpg\"><img loading=\"lazy\" class=\"aligncenter size-medium wp-image-387\" src=\"http:\/\/religia.slowacki.edu.pl\/wp-content\/uploads\/2016\/09\/DSC_2261-300x225.jpg\" alt=\"dsc_2261\" width=\"300\" height=\"225\" srcset=\"https:\/\/religia.slowacki.edu.pl\/wp-content\/uploads\/2016\/09\/DSC_2261-300x225.jpg 300w, https:\/\/religia.slowacki.edu.pl\/wp-content\/uploads\/2016\/09\/DSC_2261-768x576.jpg 768w, https:\/\/religia.slowacki.edu.pl\/wp-content\/uploads\/2016\/09\/DSC_2261-1024x768.jpg 1024w\" sizes=\"(max-width: 300px) 100vw, 300px\" \/><\/a> <a href=\"http:\/\/religia.slowacki.edu.pl\/wp-content\/uploads\/2016\/09\/DSC_2263.jpg\"><img loading=\"lazy\" class=\"aligncenter size-medium wp-image-388\" src=\"http:\/\/religia.slowacki.edu.pl\/wp-content\/uploads\/2016\/09\/DSC_2263-300x225.jpg\" alt=\"dsc_2263\" width=\"300\" height=\"225\" srcset=\"https:\/\/religia.slowacki.edu.pl\/wp-content\/uploads\/2016\/09\/DSC_2263-300x225.jpg 300w, https:\/\/religia.slowacki.edu.pl\/wp-content\/uploads\/2016\/09\/DSC_2263-768x576.jpg 768w, https:\/\/religia.slowacki.edu.pl\/wp-content\/uploads\/2016\/09\/DSC_2263-1024x768.jpg 1024w\" sizes=\"(max-width: 300px) 100vw, 300px\" \/><\/a> <a href=\"http:\/\/religia.slowacki.edu.pl\/wp-content\/uploads\/2016\/09\/DSC_2264.jpg\"><img loading=\"lazy\" class=\"aligncenter size-medium wp-image-389\" src=\"http:\/\/religia.slowacki.edu.pl\/wp-content\/uploads\/2016\/09\/DSC_2264-300x225.jpg\" alt=\"dsc_2264\" width=\"300\" height=\"225\" srcset=\"https:\/\/religia.slowacki.edu.pl\/wp-content\/uploads\/2016\/09\/DSC_2264-300x225.jpg 300w, https:\/\/religia.slowacki.edu.pl\/wp-content\/uploads\/2016\/09\/DSC_2264-768x576.jpg 768w, https:\/\/religia.slowacki.edu.pl\/wp-content\/uploads\/2016\/09\/DSC_2264-1024x768.jpg 1024w\" sizes=\"(max-width: 300px) 100vw, 300px\" \/><\/a><a href=\"http:\/\/religia.slowacki.edu.pl\/wp-content\/uploads\/2016\/09\/DSC_2265.jpg\"><img loading=\"lazy\" class=\"aligncenter size-medium wp-image-381\" src=\"http:\/\/religia.slowacki.edu.pl\/wp-content\/uploads\/2016\/09\/DSC_2265-300x225.jpg\" alt=\"dsc_2265\" width=\"300\" height=\"225\" srcset=\"https:\/\/religia.slowacki.edu.pl\/wp-content\/uploads\/2016\/09\/DSC_2265-300x225.jpg 300w, https:\/\/religia.slowacki.edu.pl\/wp-content\/uploads\/2016\/09\/DSC_2265-768x576.jpg 768w, https:\/\/religia.slowacki.edu.pl\/wp-content\/uploads\/2016\/09\/DSC_2265-1024x768.jpg 1024w\" sizes=\"(max-width: 300px) 100vw, 300px\" \/><\/a><\/p>\n<p style=\"text-align: center;\">Pierwszy wypad na Rysy<\/p>\n<p style=\"text-align: center;\">14 pa\u017adziernika 2014<\/p>\n<\/blockquote>\n<p><a href=\"http:\/\/religia.slowacki.edu.pl\/wp-content\/uploads\/2016\/09\/DSC_1590.jpg\"><img loading=\"lazy\" class=\"aligncenter size-medium wp-image-267\" src=\"http:\/\/religia.slowacki.edu.pl\/wp-content\/uploads\/2016\/09\/DSC_1590-300x225.jpg\" alt=\"dsc_1590\" width=\"300\" height=\"225\" srcset=\"https:\/\/religia.slowacki.edu.pl\/wp-content\/uploads\/2016\/09\/DSC_1590-300x225.jpg 300w, https:\/\/religia.slowacki.edu.pl\/wp-content\/uploads\/2016\/09\/DSC_1590-768x576.jpg 768w, https:\/\/religia.slowacki.edu.pl\/wp-content\/uploads\/2016\/09\/DSC_1590-1024x768.jpg 1024w\" sizes=\"(max-width: 300px) 100vw, 300px\" \/><\/a> <a href=\"http:\/\/religia.slowacki.edu.pl\/wp-content\/uploads\/2016\/09\/DSC_1571.jpg\"><img loading=\"lazy\" class=\"aligncenter size-medium wp-image-268\" src=\"http:\/\/religia.slowacki.edu.pl\/wp-content\/uploads\/2016\/09\/DSC_1571-300x225.jpg\" alt=\"dsc_1571\" width=\"300\" height=\"225\" srcset=\"https:\/\/religia.slowacki.edu.pl\/wp-content\/uploads\/2016\/09\/DSC_1571-300x225.jpg 300w, https:\/\/religia.slowacki.edu.pl\/wp-content\/uploads\/2016\/09\/DSC_1571-768x576.jpg 768w, https:\/\/religia.slowacki.edu.pl\/wp-content\/uploads\/2016\/09\/DSC_1571-1024x768.jpg 1024w\" sizes=\"(max-width: 300px) 100vw, 300px\" \/><\/a> <a href=\"http:\/\/religia.slowacki.edu.pl\/wp-content\/uploads\/2016\/09\/DSC_1579.jpg\"><img loading=\"lazy\" class=\"aligncenter size-medium wp-image-269\" src=\"http:\/\/religia.slowacki.edu.pl\/wp-content\/uploads\/2016\/09\/DSC_1579-300x225.jpg\" alt=\"dsc_1579\" width=\"300\" height=\"225\" srcset=\"https:\/\/religia.slowacki.edu.pl\/wp-content\/uploads\/2016\/09\/DSC_1579-300x225.jpg 300w, https:\/\/religia.slowacki.edu.pl\/wp-content\/uploads\/2016\/09\/DSC_1579-768x576.jpg 768w, https:\/\/religia.slowacki.edu.pl\/wp-content\/uploads\/2016\/09\/DSC_1579-1024x768.jpg 1024w\" sizes=\"(max-width: 300px) 100vw, 300px\" \/><\/a> <a href=\"http:\/\/religia.slowacki.edu.pl\/wp-content\/uploads\/2016\/09\/DSC_1580.jpg\"><img loading=\"lazy\" class=\"aligncenter size-medium wp-image-270\" src=\"http:\/\/religia.slowacki.edu.pl\/wp-content\/uploads\/2016\/09\/DSC_1580-300x225.jpg\" alt=\"dsc_1580\" width=\"300\" height=\"225\" srcset=\"https:\/\/religia.slowacki.edu.pl\/wp-content\/uploads\/2016\/09\/DSC_1580-300x225.jpg 300w, https:\/\/religia.slowacki.edu.pl\/wp-content\/uploads\/2016\/09\/DSC_1580-768x576.jpg 768w, https:\/\/religia.slowacki.edu.pl\/wp-content\/uploads\/2016\/09\/DSC_1580-1024x768.jpg 1024w\" sizes=\"(max-width: 300px) 100vw, 300px\" \/><\/a> <a href=\"http:\/\/religia.slowacki.edu.pl\/wp-content\/uploads\/2016\/09\/DSC_1582.jpg\"><img loading=\"lazy\" class=\"aligncenter size-medium wp-image-271\" src=\"http:\/\/religia.slowacki.edu.pl\/wp-content\/uploads\/2016\/09\/DSC_1582-300x225.jpg\" alt=\"dsc_1582\" width=\"300\" height=\"225\" srcset=\"https:\/\/religia.slowacki.edu.pl\/wp-content\/uploads\/2016\/09\/DSC_1582-300x225.jpg 300w, https:\/\/religia.slowacki.edu.pl\/wp-content\/uploads\/2016\/09\/DSC_1582-768x576.jpg 768w, https:\/\/religia.slowacki.edu.pl\/wp-content\/uploads\/2016\/09\/DSC_1582-1024x768.jpg 1024w\" sizes=\"(max-width: 300px) 100vw, 300px\" \/><\/a> <a href=\"http:\/\/religia.slowacki.edu.pl\/wp-content\/uploads\/2016\/09\/DSC_1584.jpg\"><img loading=\"lazy\" class=\"aligncenter size-medium wp-image-272\" src=\"http:\/\/religia.slowacki.edu.pl\/wp-content\/uploads\/2016\/09\/DSC_1584-300x225.jpg\" alt=\"dsc_1584\" width=\"300\" height=\"225\" srcset=\"https:\/\/religia.slowacki.edu.pl\/wp-content\/uploads\/2016\/09\/DSC_1584-300x225.jpg 300w, https:\/\/religia.slowacki.edu.pl\/wp-content\/uploads\/2016\/09\/DSC_1584-768x576.jpg 768w, https:\/\/religia.slowacki.edu.pl\/wp-content\/uploads\/2016\/09\/DSC_1584-1024x768.jpg 1024w\" sizes=\"(max-width: 300px) 100vw, 300px\" \/><\/a> <a href=\"http:\/\/religia.slowacki.edu.pl\/wp-content\/uploads\/2016\/09\/DSC_1586.jpg\"><img loading=\"lazy\" class=\"aligncenter size-medium wp-image-273\" src=\"http:\/\/religia.slowacki.edu.pl\/wp-content\/uploads\/2016\/09\/DSC_1586-300x225.jpg\" alt=\"dsc_1586\" width=\"300\" height=\"225\" srcset=\"https:\/\/religia.slowacki.edu.pl\/wp-content\/uploads\/2016\/09\/DSC_1586-300x225.jpg 300w, https:\/\/religia.slowacki.edu.pl\/wp-content\/uploads\/2016\/09\/DSC_1586-768x576.jpg 768w, https:\/\/religia.slowacki.edu.pl\/wp-content\/uploads\/2016\/09\/DSC_1586-1024x768.jpg 1024w\" sizes=\"(max-width: 300px) 100vw, 300px\" \/><\/a> <a href=\"http:\/\/religia.slowacki.edu.pl\/wp-content\/uploads\/2016\/09\/DSC_1589.jpg\"><img loading=\"lazy\" class=\"aligncenter size-medium wp-image-274\" src=\"http:\/\/religia.slowacki.edu.pl\/wp-content\/uploads\/2016\/09\/DSC_1589-300x225.jpg\" alt=\"dsc_1589\" width=\"300\" height=\"225\" srcset=\"https:\/\/religia.slowacki.edu.pl\/wp-content\/uploads\/2016\/09\/DSC_1589-300x225.jpg 300w, https:\/\/religia.slowacki.edu.pl\/wp-content\/uploads\/2016\/09\/DSC_1589-768x576.jpg 768w, https:\/\/religia.slowacki.edu.pl\/wp-content\/uploads\/2016\/09\/DSC_1589-1024x768.jpg 1024w\" sizes=\"(max-width: 300px) 100vw, 300px\" \/><\/a><\/p>\n<div style=\"width: 848px;\" class=\"wp-video\"><!--[if lt IE 9]><script>document.createElement('video');<\/script><![endif]-->\n<video class=\"wp-video-shortcode\" id=\"video-266-1\" width=\"848\" height=\"477\" preload=\"metadata\" controls=\"controls\"><source type=\"video\/mp4\" src=\"http:\/\/religia.slowacki.edu.pl\/wp-content\/uploads\/2016\/09\/MOV_1588.mp4?_=1\" \/><a href=\"http:\/\/religia.slowacki.edu.pl\/wp-content\/uploads\/2016\/09\/MOV_1588.mp4\">http:\/\/religia.slowacki.edu.pl\/wp-content\/uploads\/2016\/09\/MOV_1588.mp4<\/a><\/video><\/div>\n<div style=\"width: 848px;\" class=\"wp-video\"><video class=\"wp-video-shortcode\" id=\"video-266-2\" width=\"848\" height=\"477\" preload=\"metadata\" controls=\"controls\"><source type=\"video\/mp4\" src=\"http:\/\/religia.slowacki.edu.pl\/wp-content\/uploads\/2016\/09\/MOV_1583.mp4?_=2\" \/><a href=\"http:\/\/religia.slowacki.edu.pl\/wp-content\/uploads\/2016\/09\/MOV_1583.mp4\">http:\/\/religia.slowacki.edu.pl\/wp-content\/uploads\/2016\/09\/MOV_1583.mp4<\/a><\/video><\/div>\n","protected":false},"excerpt":{"rendered":"<p>Drugi (&#8222;zimowy&#8221;) wypad na Rysy 14 pa\u017adziernika 2015 Pierwszy wypad na Rysy 14 pa\u017adziernika 2014<\/p>\n","protected":false},"author":3,"featured_media":273,"parent":127,"menu_order":39,"comment_status":"closed","ping_status":"closed","template":"","meta":[],"_links":{"self":[{"href":"https:\/\/religia.slowacki.edu.pl\/index.php?rest_route=\/wp\/v2\/pages\/266"}],"collection":[{"href":"https:\/\/religia.slowacki.edu.pl\/index.php?rest_route=\/wp\/v2\/pages"}],"about":[{"href":"https:\/\/religia.slowacki.edu.pl\/index.php?rest_route=\/wp\/v2\/types\/page"}],"author":[{"embeddable":true,"href":"https:\/\/religia.slowacki.edu.pl\/index.php?rest_route=\/wp\/v2\/users\/3"}],"replies":[{"embeddable":true,"href":"https:\/\/religia.slowacki.edu.pl\/index.php?rest_route=%2Fwp%2Fv2%2Fcomments&post=266"}],"version-history":[{"count":5,"href":"https:\/\/religia.slowacki.edu.pl\/index.php?rest_route=\/wp\/v2\/pages\/266\/revisions"}],"predecessor-version":[{"id":392,"href":"https:\/\/religia.slowacki.edu.pl\/index.php?rest_route=\/wp\/v2\/pages\/266\/revisions\/392"}],"up":[{"embeddable":true,"href":"https:\/\/religia.slowacki.edu.pl\/index.php?rest_route=\/wp\/v2\/pages\/127"}],"wp:featuredmedia":[{"embeddable":true,"href":"https:\/\/religia.slowacki.edu.pl\/index.php?rest_route=\/wp\/v2\/media\/273"}],"wp:attachment":[{"href":"https:\/\/religia.slowacki.edu.pl\/index.php?rest_route=%2Fwp%2Fv2%2Fmedia&parent=266"}],"curies":[{"name":"wp","href":"https:\/\/api.w.org\/{rel}","templated":true}]}}