{"id":323,"date":"2016-09-21T08:15:54","date_gmt":"2016-09-21T08:15:54","guid":{"rendered":"http:\/\/religia.slowacki.edu.pl\/?page_id=323"},"modified":"2016-09-21T08:18:13","modified_gmt":"2016-09-21T08:18:13","slug":"wczesniejsze","status":"publish","type":"page","link":"https:\/\/religia.slowacki.edu.pl\/?page_id=323","title":{"rendered":"Wcze\u015bniejsze"},"content":{"rendered":"<h2>Filmy:<\/h2>\n<ul>\n<li><a>\u015aw. Jadwiga \u015al. Chorz\u00f3w &#8211; Padwa &#8211; Asy\u017c &#8211; Rzym. Kanonizacja JPII i Jana XXIII<\/a><\/li>\n<\/ul>\n<p><iframe loading=\"lazy\" src=\"http:\/\/www.youtube.com\/embed\/jlqEaeuq1FU?feature=player_detailpage\" width=\"640\" height=\"360\" frameborder=\"0\" allowfullscreen=\"allowfullscreen\"><\/iframe><\/p>\n<hr \/>\n<ul>\n<li><a>Wycieczka \u015bladami dziedzictwa religijnego i kulturowego \u015al\u0105ska<\/a><\/li>\n<\/ul>\n<p><iframe loading=\"lazy\" src=\"http:\/\/www.youtube.com\/embed\/cBsoerjVXUo?feature=player_detailpage\" width=\"640\" height=\"360\" frameborder=\"0\" allowfullscreen=\"allowfullscreen\"><\/iframe><\/p>\n<ul>\n<li><a>Rekolekcje maturzyst\u00f3w 2010\/2011<\/a><\/li>\n<\/ul>\n<p><iframe loading=\"lazy\" src=\"http:\/\/www.youtube.com\/embed\/XfAKa6kaPhQ?feature=player_detailpage\" width=\"640\" height=\"360\" frameborder=\"0\" allowfullscreen=\"allowfullscreen\"><\/iframe><\/p>\n<p>&nbsp;<\/p>\n<p><a>Pielgrzymka maturzyst\u00f3w 2010r.<\/a><\/p>\n<p><iframe loading=\"lazy\" src=\"http:\/\/www.youtube.com\/embed\/KWFgbDt2a_c?feature=player_detailpage\" width=\"640\" height=\"360\" frameborder=\"0\" allowfullscreen=\"allowfullscreen\"><\/iframe><\/p>\n<p>&nbsp;<\/p>\n","protected":false},"excerpt":{"rendered":"<p>Filmy: \u015aw. Jadwiga \u015al. Chorz\u00f3w &#8211; Padwa &#8211; Asy\u017c &#8211; Rzym. Kanonizacja JPII i Jana XXIII Wycieczka \u015bladami dziedzictwa religijnego i kulturowego \u015al\u0105ska Rekolekcje maturzyst\u00f3w 2010\/2011 &nbsp; Pielgrzymka maturzyst\u00f3w 2010r. &nbsp;<\/p>\n","protected":false},"author":3,"featured_media":0,"parent":127,"menu_order":98,"comment_status":"closed","ping_status":"closed","template":"","meta":[],"_links":{"self":[{"href":"https:\/\/religia.slowacki.edu.pl\/index.php?rest_route=\/wp\/v2\/pages\/323"}],"collection":[{"href":"https:\/\/religia.slowacki.edu.pl\/index.php?rest_route=\/wp\/v2\/pages"}],"about":[{"href":"https:\/\/religia.slowacki.edu.pl\/index.php?rest_route=\/wp\/v2\/types\/page"}],"author":[{"embeddable":true,"href":"https:\/\/religia.slowacki.edu.pl\/index.php?rest_route=\/wp\/v2\/users\/3"}],"replies":[{"embeddable":true,"href":"https:\/\/religia.slowacki.edu.pl\/index.php?rest_route=%2Fwp%2Fv2%2Fcomments&post=323"}],"version-history":[{"count":3,"href":"https:\/\/religia.slowacki.edu.pl\/index.php?rest_route=\/wp\/v2\/pages\/323\/revisions"}],"predecessor-version":[{"id":326,"href":"https:\/\/religia.slowacki.edu.pl\/index.php?rest_route=\/wp\/v2\/pages\/323\/revisions\/326"}],"up":[{"embeddable":true,"href":"https:\/\/religia.slowacki.edu.pl\/index.php?rest_route=\/wp\/v2\/pages\/127"}],"wp:attachment":[{"href":"https:\/\/religia.slowacki.edu.pl\/index.php?rest_route=%2Fwp%2Fv2%2Fmedia&parent=323"}],"curies":[{"name":"wp","href":"https:\/\/api.w.org\/{rel}","templated":true}]}}