{"id":354,"date":"2016-09-21T09:27:03","date_gmt":"2016-09-21T09:27:03","guid":{"rendered":"http:\/\/religia.slowacki.edu.pl\/?page_id=354"},"modified":"2016-09-22T09:39:22","modified_gmt":"2016-09-22T09:39:22","slug":"prezentacje","status":"publish","type":"page","link":"https:\/\/religia.slowacki.edu.pl\/?page_id=354","title":{"rendered":"Prezentacje"},"content":{"rendered":"<p><a href=\"http:\/\/religia.slowacki.edu.pl\/wp-content\/uploads\/2015\/11\/Adrianna-Dura\u0142ek-\u015aladami-Cysters\u00f3w.pps\">Adrianna Dura\u0142ek &#8211; <em>\u015aladami Cysters\u00f3w<\/em><\/a><\/p>\n<p><a href=\"http:\/\/religia.slowacki.edu.pl\/wp-content\/uploads\/2015\/11\/Agata-Juretko-\u015bw.-Stanis\u0142aw-biskup-i-m\u0119czennik.pps\">Agata Juretko &#8211; <em>\u015aw. Stanis\u0142aw biskup i m\u0119czennik<\/em><\/a><\/p>\n<p><a href=\"http:\/\/religia.slowacki.edu.pl\/wp-content\/uploads\/2015\/11\/Agata-Szyszko-Cud-Eucharystyczny.pps\">Agata Szyszko &#8211; <em>Cud Eucharystyczny<\/em><\/a><\/p>\n<p><a href=\"http:\/\/religia.slowacki.edu.pl\/wp-content\/uploads\/2015\/11\/Agnieszka-Konieczna-Ma\u0142\u017ce\u0144stwo-w-r\u00f3\u017cnych-kulturach-religiach-i-wyznaniach.pps\">Agnieszka Konieczna &#8211; <em>Ma\u0142\u017ce\u0144stwo w r\u00f3\u017cnych religiach<\/em><\/a><\/p>\n<p><a href=\"http:\/\/religia.slowacki.edu.pl\/wp-content\/uploads\/2015\/11\/Agnieszka-Mastalerz-pap.-Franciszek-i-jego-nauka.pps\">Agnieszka Mastalerz &#8211; <em>Pap. Franciszek i jego nauka<\/em><\/a><\/p>\n<p><a href=\"http:\/\/religia.slowacki.edu.pl\/wp-content\/uploads\/2015\/11\/Agnieszka-Paj\u0105k-Papie\u017c-z-ko\u0144ca-\u015bwiata-Franciszek.pps\">Agnieszka Paj\u0105k &#8211; <em>Papie\u017c z ko\u0144ca \u015bwiata Franciszek<\/em><\/a><\/p>\n<p><a href=\"http:\/\/religia.slowacki.edu.pl\/wp-content\/uploads\/2015\/11\/Anna-Rzepecka-MOJ\u017bESZ.pps\">Anna Rzepecka &#8211; <em>Moj\u017cesz<\/em><\/a><\/p>\n<p><a href=\"http:\/\/religia.slowacki.edu.pl\/wp-content\/uploads\/2015\/11\/Anna-Wi\u015bniewska-Sakramenty-\u015awi\u0119te.pps\">Anna Wi\u015bniewska &#8211; <em>Sakramenty \u015awi\u0119te<\/em><\/a><\/p>\n<p><a href=\"http:\/\/religia.slowacki.edu.pl\/wp-content\/uploads\/2015\/11\/Gra\u017cyna-Wa\u015bka-Matka-Boska-Cz\u0119stochowska.pps\">Gra\u017cyna Wa\u015bka &#8211; <em>Matka Boska Cz\u0119stochowska<\/em><\/a><\/p>\n<p><a href=\"http:\/\/religia.slowacki.edu.pl\/wp-content\/uploads\/2015\/11\/Kamila-Gawlik-Beatyfikacja-polskich-zakonnic.pps\">Kamila Gawlik &#8211; <em>Beatyfikacja polskich zakonnic<\/em><\/a><\/p>\n<p><a href=\"http:\/\/religia.slowacki.edu.pl\/wp-content\/uploads\/2015\/11\/Katarzyna-Sm\u0119tek-Ziemia-\u015awi\u0119ta.pps\">Katarzyna Sm\u0119tek &#8211; <em>Ziemia \u015awi\u0119ta<\/em><\/a><\/p>\n<p><a href=\"http:\/\/religia.slowacki.edu.pl\/wp-content\/uploads\/2015\/11\/Marzena-Majchrzak-\u015bwi\u0119ty-Ojciec-Pio.pps\">Marzena Majchrzak &#8211; <em>\u015awi\u0119ty Ojciec Pio<\/em><\/a><\/p>\n<p><a href=\"http:\/\/religia.slowacki.edu.pl\/wp-content\/uploads\/2015\/11\/Natalia-Zmarzlik-\u015bw.-Stanis\u0142aw-Kostka.pps\">Natalia Zmarzlik &#8211; <em>\u015aw. Stanis\u0142aw Kostka<\/em><\/a><\/p>\n<p><a href=\"http:\/\/religia.slowacki.edu.pl\/wp-content\/uploads\/2015\/11\/Tomasz-Bucior-Papiestwo.pps\">Tomasz Bucior &#8211;<em> Papiestwo<\/em><\/a><\/p>\n<p><a href=\"http:\/\/religia.slowacki.edu.pl\/wp-content\/uploads\/2015\/11\/Tomasz-Mikuczewski-\u015bw.-Franciszek.pps\">Tomasz Mikuczewski &#8211; <em>\u015aw. Franciszek<\/em><\/a><\/p>\n<p><a href=\"http:\/\/religia.slowacki.edu.pl\/wp-content\/uploads\/2015\/11\/Wiktoria-Czotybuk-Charyzmaty.pps\">Wiktoria Czotybuk &#8211; <em>Charyzmaty<\/em><\/a><\/p>\n<p><a href=\"http:\/\/religia.slowacki.edu.pl\/wp-content\/uploads\/2015\/11\/Wiktoria-Warmuzi\u0144ska-Jorge-Mario-Bergoglio.pps\">Wiktoria Warmuzinska &#8211; <em>Jorge Mario Bergoglio<\/em><\/a><\/p>\n<p><a href=\"http:\/\/religia1.slowacki.edu.pl\/pdf\/Marek_%C5%BBelazny_Cystersi_w_Polsce_oraz_%C5%9Bw_Jacek_Odrow%C4%85%C5%BC.pdf\" target=\"_blank\">Marek \u017belazny &#8211; <i>Cystersi w Polsce oraz \u015bw. Jacek Odrow\u0105\u017c<\/i><\/a><\/p>\n<p><a href=\"http:\/\/religia.slowacki.edu.pl\/wp-content\/uploads\/2015\/11\/B\u0141.-JAN-XXIII.pps\">Katarzyna Kozie\u0142 &#8211; <em>B\u0142ogos\u0142awiony Jan XXIII<\/em><\/a><\/p>\n<p><em><a href=\"http:\/\/religia.slowacki.edu.pl\/wp-content\/uploads\/2015\/11\/12-Aposto\u0142\u00f3w.pps\">Dwunastu Aposto\u0142\u00f3w <\/a><\/em><\/p>\n<p><em><a href=\"http:\/\/religia.slowacki.edu.pl\/wp-content\/uploads\/2015\/11\/Sk\u0105d-si\u0119-wzi\u0105\u0142-papie\u017c-Franciszek.pps\">Sk\u0105d si\u0119 wzi\u0105\u0142 papie\u017c Franciszek<\/a><\/em><\/p>\n","protected":false},"excerpt":{"rendered":"<p>Adrianna Dura\u0142ek &#8211; \u015aladami Cysters\u00f3w Agata Juretko &#8211; \u015aw. Stanis\u0142aw biskup i m\u0119czennik Agata Szyszko &#8211; Cud Eucharystyczny Agnieszka Konieczna &#8211; Ma\u0142\u017ce\u0144stwo w r\u00f3\u017cnych religiach Agnieszka Mastalerz &#8211; Pap. Franciszek i jego nauka Agnieszka Paj\u0105k &#8211; Papie\u017c z ko\u0144ca \u015bwiata Franciszek Anna Rzepecka &#8211; Moj\u017cesz Anna Wi\u015bniewska &#8211; Sakramenty \u015awi\u0119te Gra\u017cyna Wa\u015bka &#8211; Matka Boska [&hellip;]<\/p>\n","protected":false},"author":3,"featured_media":0,"parent":96,"menu_order":98,"comment_status":"closed","ping_status":"closed","template":"","meta":[],"_links":{"self":[{"href":"https:\/\/religia.slowacki.edu.pl\/index.php?rest_route=\/wp\/v2\/pages\/354"}],"collection":[{"href":"https:\/\/religia.slowacki.edu.pl\/index.php?rest_route=\/wp\/v2\/pages"}],"about":[{"href":"https:\/\/religia.slowacki.edu.pl\/index.php?rest_route=\/wp\/v2\/types\/page"}],"author":[{"embeddable":true,"href":"https:\/\/religia.slowacki.edu.pl\/index.php?rest_route=\/wp\/v2\/users\/3"}],"replies":[{"embeddable":true,"href":"https:\/\/religia.slowacki.edu.pl\/index.php?rest_route=%2Fwp%2Fv2%2Fcomments&post=354"}],"version-history":[{"count":5,"href":"https:\/\/religia.slowacki.edu.pl\/index.php?rest_route=\/wp\/v2\/pages\/354\/revisions"}],"predecessor-version":[{"id":359,"href":"https:\/\/religia.slowacki.edu.pl\/index.php?rest_route=\/wp\/v2\/pages\/354\/revisions\/359"}],"up":[{"embeddable":true,"href":"https:\/\/religia.slowacki.edu.pl\/index.php?rest_route=\/wp\/v2\/pages\/96"}],"wp:attachment":[{"href":"https:\/\/religia.slowacki.edu.pl\/index.php?rest_route=%2Fwp%2Fv2%2Fmedia&parent=354"}],"curies":[{"name":"wp","href":"https:\/\/api.w.org\/{rel}","templated":true}]}}