{"id":360,"date":"2016-09-22T09:50:44","date_gmt":"2016-09-22T09:50:44","guid":{"rendered":"http:\/\/religia.slowacki.edu.pl\/?page_id=360"},"modified":"2016-10-27T11:22:55","modified_gmt":"2016-10-27T11:22:55","slug":"schola-szkolna","status":"publish","type":"page","link":"https:\/\/religia.slowacki.edu.pl\/?page_id=360","title":{"rendered":"Schola"},"content":{"rendered":"<blockquote>\n<p style=\"text-align: center;\"><a href=\"http:\/\/religia.slowacki.edu.pl\/wp-content\/uploads\/2016\/09\/DSC_2248.jpg\">W sprawie termin\u00f3w pr\u00f3b scholi <\/a><\/p>\n<p style=\"text-align: center;\"><a href=\"http:\/\/religia.slowacki.edu.pl\/wp-content\/uploads\/2016\/09\/DSC_2248.jpg\">prosz\u0119 kontaktowa\u0107 si\u0119 <\/a><\/p>\n<p style=\"text-align: center;\"><a href=\"http:\/\/religia.slowacki.edu.pl\/wp-content\/uploads\/2016\/09\/DSC_2248.jpg\">z ks. Szymonem <\/a><\/p>\n<p style=\"text-align: center;\"><a href=\"http:\/\/religia.slowacki.edu.pl\/wp-content\/uploads\/2016\/09\/DSC_2248.jpg\">(najcz\u0119\u015bciej w sali nr 212)<\/a><\/p>\n<p><a href=\"http:\/\/religia.slowacki.edu.pl\/wp-content\/uploads\/2016\/09\/DSC_2243.jpg\"><img loading=\"lazy\" class=\"aligncenter size-medium wp-image-361\" src=\"http:\/\/religia.slowacki.edu.pl\/wp-content\/uploads\/2016\/09\/DSC_2253-300x225.jpg\" alt=\"dsc_2253\" width=\"300\" height=\"225\" srcset=\"https:\/\/religia.slowacki.edu.pl\/wp-content\/uploads\/2016\/09\/DSC_2253-300x225.jpg 300w, https:\/\/religia.slowacki.edu.pl\/wp-content\/uploads\/2016\/09\/DSC_2253-768x576.jpg 768w, https:\/\/religia.slowacki.edu.pl\/wp-content\/uploads\/2016\/09\/DSC_2253-1024x768.jpg 1024w\" sizes=\"(max-width: 300px) 100vw, 300px\" \/><img loading=\"lazy\" class=\"aligncenter size-medium wp-image-362\" src=\"http:\/\/religia.slowacki.edu.pl\/wp-content\/uploads\/2016\/09\/DSC_2243-300x225.jpg\" alt=\"dsc_2243\" width=\"300\" height=\"225\" srcset=\"https:\/\/religia.slowacki.edu.pl\/wp-content\/uploads\/2016\/09\/DSC_2243-300x225.jpg 300w, https:\/\/religia.slowacki.edu.pl\/wp-content\/uploads\/2016\/09\/DSC_2243-768x576.jpg 768w, https:\/\/religia.slowacki.edu.pl\/wp-content\/uploads\/2016\/09\/DSC_2243-1024x768.jpg 1024w\" sizes=\"(max-width: 300px) 100vw, 300px\" \/><\/a> <a href=\"http:\/\/religia.slowacki.edu.pl\/wp-content\/uploads\/2016\/09\/DSC_2244.jpg\"><img loading=\"lazy\" class=\"aligncenter size-medium wp-image-363\" src=\"http:\/\/religia.slowacki.edu.pl\/wp-content\/uploads\/2016\/09\/DSC_2244-300x225.jpg\" alt=\"dsc_2244\" width=\"300\" height=\"225\" srcset=\"https:\/\/religia.slowacki.edu.pl\/wp-content\/uploads\/2016\/09\/DSC_2244-300x225.jpg 300w, https:\/\/religia.slowacki.edu.pl\/wp-content\/uploads\/2016\/09\/DSC_2244-768x576.jpg 768w, https:\/\/religia.slowacki.edu.pl\/wp-content\/uploads\/2016\/09\/DSC_2244-1024x768.jpg 1024w\" sizes=\"(max-width: 300px) 100vw, 300px\" \/><\/a> <a href=\"http:\/\/religia.slowacki.edu.pl\/wp-content\/uploads\/2016\/09\/DSC_2245.jpg\"><img loading=\"lazy\" class=\"aligncenter size-medium wp-image-364\" src=\"http:\/\/religia.slowacki.edu.pl\/wp-content\/uploads\/2016\/09\/DSC_2245-300x225.jpg\" alt=\"dsc_2245\" width=\"300\" height=\"225\" srcset=\"https:\/\/religia.slowacki.edu.pl\/wp-content\/uploads\/2016\/09\/DSC_2245-300x225.jpg 300w, https:\/\/religia.slowacki.edu.pl\/wp-content\/uploads\/2016\/09\/DSC_2245-768x576.jpg 768w, https:\/\/religia.slowacki.edu.pl\/wp-content\/uploads\/2016\/09\/DSC_2245-1024x768.jpg 1024w\" sizes=\"(max-width: 300px) 100vw, 300px\" \/><\/a> <a href=\"http:\/\/religia.slowacki.edu.pl\/wp-content\/uploads\/2016\/09\/DSC_2246.jpg\"><img loading=\"lazy\" class=\"aligncenter size-medium wp-image-365\" src=\"http:\/\/religia.slowacki.edu.pl\/wp-content\/uploads\/2016\/09\/DSC_2246-300x225.jpg\" alt=\"dsc_2246\" width=\"300\" height=\"225\" srcset=\"https:\/\/religia.slowacki.edu.pl\/wp-content\/uploads\/2016\/09\/DSC_2246-300x225.jpg 300w, https:\/\/religia.slowacki.edu.pl\/wp-content\/uploads\/2016\/09\/DSC_2246-768x576.jpg 768w, https:\/\/religia.slowacki.edu.pl\/wp-content\/uploads\/2016\/09\/DSC_2246-1024x768.jpg 1024w\" sizes=\"(max-width: 300px) 100vw, 300px\" \/><\/a>\u00a0 <a href=\"http:\/\/religia.slowacki.edu.pl\/wp-content\/uploads\/2016\/09\/DSC_2251.jpg\"><img loading=\"lazy\" class=\"aligncenter size-medium wp-image-367\" src=\"http:\/\/religia.slowacki.edu.pl\/wp-content\/uploads\/2016\/09\/DSC_2251-300x225.jpg\" alt=\"dsc_2251\" width=\"300\" height=\"225\" srcset=\"https:\/\/religia.slowacki.edu.pl\/wp-content\/uploads\/2016\/09\/DSC_2251-300x225.jpg 300w, https:\/\/religia.slowacki.edu.pl\/wp-content\/uploads\/2016\/09\/DSC_2251-768x576.jpg 768w, https:\/\/religia.slowacki.edu.pl\/wp-content\/uploads\/2016\/09\/DSC_2251-1024x768.jpg 1024w\" sizes=\"(max-width: 300px) 100vw, 300px\" \/><\/a><a href=\"http:\/\/religia.slowacki.edu.pl\/wp-content\/uploads\/2016\/09\/DSC_2248.jpg\"><img loading=\"lazy\" class=\"size-medium wp-image-366 aligncenter\" src=\"http:\/\/religia.slowacki.edu.pl\/wp-content\/uploads\/2016\/09\/DSC_2248-300x225.jpg\" alt=\"dsc_2248\" width=\"300\" height=\"225\" srcset=\"https:\/\/religia.slowacki.edu.pl\/wp-content\/uploads\/2016\/09\/DSC_2248-300x225.jpg 300w, https:\/\/religia.slowacki.edu.pl\/wp-content\/uploads\/2016\/09\/DSC_2248-768x576.jpg 768w, https:\/\/religia.slowacki.edu.pl\/wp-content\/uploads\/2016\/09\/DSC_2248-1024x768.jpg 1024w\" sizes=\"(max-width: 300px) 100vw, 300px\" \/><\/a><\/p>\n<div style=\"width: 848px;\" class=\"wp-video\"><!--[if lt IE 9]><script>document.createElement('video');<\/script><![endif]-->\n<video class=\"wp-video-shortcode\" id=\"video-360-1\" width=\"848\" height=\"477\" preload=\"metadata\" controls=\"controls\"><source type=\"video\/mp4\" src=\"http:\/\/religia.slowacki.edu.pl\/wp-content\/uploads\/2016\/09\/MOV_2252.mp4?_=1\" \/><a href=\"http:\/\/religia.slowacki.edu.pl\/wp-content\/uploads\/2016\/09\/MOV_2252.mp4\">http:\/\/religia.slowacki.edu.pl\/wp-content\/uploads\/2016\/09\/MOV_2252.mp4<\/a><\/video><\/div><\/blockquote>\n","protected":false},"excerpt":{"rendered":"<p>W sprawie termin\u00f3w pr\u00f3b scholi prosz\u0119 kontaktowa\u0107 si\u0119 z ks. Szymonem (najcz\u0119\u015bciej w sali nr 212) \u00a0<\/p>\n","protected":false},"author":3,"featured_media":0,"parent":0,"menu_order":0,"comment_status":"closed","ping_status":"closed","template":"template-single-column.php","meta":[],"_links":{"self":[{"href":"https:\/\/religia.slowacki.edu.pl\/index.php?rest_route=\/wp\/v2\/pages\/360"}],"collection":[{"href":"https:\/\/religia.slowacki.edu.pl\/index.php?rest_route=\/wp\/v2\/pages"}],"about":[{"href":"https:\/\/religia.slowacki.edu.pl\/index.php?rest_route=\/wp\/v2\/types\/page"}],"author":[{"embeddable":true,"href":"https:\/\/religia.slowacki.edu.pl\/index.php?rest_route=\/wp\/v2\/users\/3"}],"replies":[{"embeddable":true,"href":"https:\/\/religia.slowacki.edu.pl\/index.php?rest_route=%2Fwp%2Fv2%2Fcomments&post=360"}],"version-history":[{"count":12,"href":"https:\/\/religia.slowacki.edu.pl\/index.php?rest_route=\/wp\/v2\/pages\/360\/revisions"}],"predecessor-version":[{"id":542,"href":"https:\/\/religia.slowacki.edu.pl\/index.php?rest_route=\/wp\/v2\/pages\/360\/revisions\/542"}],"wp:attachment":[{"href":"https:\/\/religia.slowacki.edu.pl\/index.php?rest_route=%2Fwp%2Fv2%2Fmedia&parent=360"}],"curies":[{"name":"wp","href":"https:\/\/api.w.org\/{rel}","templated":true}]}}